{"id":1935,"date":"2025-03-26T14:58:02","date_gmt":"2025-03-26T19:58:02","guid":{"rendered":"https:\/\/caracollifestyle.com\/?page_id=1935"},"modified":"2025-10-09T08:14:38","modified_gmt":"2025-10-09T13:14:38","slug":"tus-eventos-en-playa-caracol","status":"publish","type":"page","link":"https:\/\/caracollifestyle.com\/es\/tus-eventos-en-playa-caracol\/","title":{"rendered":"Tus eventos en Playa Caracol"},"content":{"rendered":"<div>\n<h1>Eventos en Playa Caracol<\/h1>\n<p>Celebra tus<\/p>\n<\/div>\n<div>\n<p>        <img decoding=\"async\" src=\"\/wp-content\/uploads\/pexels-photo-1371801-scaled.webp\" alt=\"\"><\/p>\n<h2>Cat\u00e1logo de eventos<\/h2>\n<p>Conoce nuestro<\/p>\n<div>\n<div>\n<p>Playa Caracol es el lugar perfecto para celebrar <strong>cumplea\u00f1os<\/strong>,<strong> fiestas navide\u00f1as<\/strong>, <strong>eventos corporativos<\/strong>, <strong>bodas<\/strong> y <strong>mucho m\u00e1s.<\/strong> Con dos elegantes salones de eventos ubicados justo frente a la playa, ofrecemos un entorno \u00fanico y espectacular para cualquier ocasi\u00f3n especial. Ya sea que est\u00e9s planeando una celebraci\u00f3n \u00edntima o un evento a gran escala, nuestros espacios, combinados con la impresionante vista al mar, crean el ambiente ideal para momentos inolvidables. <strong>\u00a1Haz de tu evento un recuerdo \u00fanico en Playa Caracol!<\/strong><\/p>\n<\/div>\n<\/div>\n<p><a href=\"https:\/\/wa.me\/50768184979\">Contacta con nosotros para m\u00e1s informaci\u00f3n<\/a><\/p>\n<\/div>\n<h2>Planes<\/h2>\n<ul>\n<li>\n<p>        <img decoding=\"async\" src=\"\/wp-content\/uploads\/2025\/03\/eventos-navidad.webp\" alt=\"\"><\/p>\n<h3>Navidad<\/h3>\n<p><a href=\"\/wp-content\/uploads\/2025\/03\/Planes-navidad-7.pdf\"><\/a><\/p>\n<\/li>\n<li>\n<p>        <img decoding=\"async\" src=\"\/wp-content\/uploads\/2025\/03\/eventos-corp.webp\" alt=\"\"><\/p>\n<h3>corporativos<\/h3>\n<p><a href=\"\/wp-content\/uploads\/2025\/03\/Planes-corporativos-nuevo-2.pdf\"><\/a><\/p>\n<\/li>\n<li>\n<p>        <img decoding=\"async\" src=\"\/wp-content\/uploads\/2025\/03\/eventos-bodas.webp\" alt=\"\"><\/p>\n<h3>Bodas<\/h3>\n<p><a href=\"\/wp-content\/uploads\/2025\/03\/bodas-NUEVO-2.pdf\"><\/a><\/p>\n<\/li>\n<li>\n<p>        <img decoding=\"async\" src=\"\/wp-content\/uploads\/2025\/03\/eventos-sociales.webp\" alt=\"\"><\/p>\n<h3>Sociales<\/h3>\n<p><a href=\"\/wp-content\/uploads\/2025\/03\/Planes-sociales-nuevo-3.pdf\"><\/a><\/p>\n<\/li>\n<\/ul>\n<div>\n<h3>Gallery<\/h3>\n<\/div>\n<ul>\n<li>\n<p>        <img decoding=\"async\" src=\"\/wp-content\/uploads\/2025\/03\/ballroom3.webp\" alt=\"\"><\/p>\n<h3>ballroom3<\/h3>\n<\/li>\n<li>\n<p>        <img decoding=\"async\" src=\"\/wp-content\/uploads\/2025\/03\/ballroom2.webp\" alt=\"\"><\/p>\n<h3>ballroom2<\/h3>\n<\/li>\n<li>\n<p>        <img decoding=\"async\" src=\"\/wp-content\/uploads\/2025\/03\/ballroom1.webp\" alt=\"\"><\/p>\n<h3>ballroom1<\/h3>\n<\/li>\n<li>\n<p>        <img decoding=\"async\" src=\"\/wp-content\/uploads\/2025\/03\/radisson-riviera-panama-1029-scaled.webp\" alt=\"\"><\/p>\n<h3>radisson-riviera-panama-1029<\/h3>\n<\/li>\n<li>\n<p>        <img decoding=\"async\" src=\"\/wp-content\/uploads\/2025\/03\/radisson-riviera-panama-1028-scaled.webp\" alt=\"\"><\/p>\n<h3>radisson-riviera-panama-1028<\/h3>\n<\/li>\n<li>\n<p>        <img decoding=\"async\" src=\"\/wp-content\/uploads\/2025\/03\/radisson-riviera-panama-1027-scaled.webp\" alt=\"\"><\/p>\n<h3>radisson-riviera-panama-1027<\/h3>\n<\/li>\n<li>\n<p>        <img decoding=\"async\" src=\"\/wp-content\/uploads\/2025\/03\/radisson-boda-enero18-1010-scaled.webp\" alt=\"\"><\/p>\n<h3>radisson-boda-enero18-1010<\/h3>\n<\/li>\n<li>\n<p>        <img decoding=\"async\" src=\"\/wp-content\/uploads\/2025\/03\/radisson-boda-enero18-1004-scaled.webp\" alt=\"\"><\/p>\n<h3>radisson-boda-enero18-1004<\/h3>\n<\/li>\n<li>\n<p>        <img decoding=\"async\" src=\"\/wp-content\/uploads\/2025\/03\/radisson-boda-enero18-1003-scaled.webp\" alt=\"\"><\/p>\n<h3>radisson-boda-enero18-1003<\/h3>\n<\/li>\n<\/ul>\n<p><!--more--><br \/>\n<!-- {\"type\":\"layout\",\"children\":[{\"type\":\"section\",\"props\":{\"header_transparent\":true,\"header_transparent_text_color\":\"light\",\"height\":\"viewport\",\"height_viewport\":50,\"image\":\"wp-content\\\/uploads\\\/2025\\\/03\\\/radisson-boda-enero18-1020-scaled.webp\",\"image_position\":\"center-center\",\"image_size\":\"cover\",\"overlap\":true,\"style\":\"default\",\"text_color\":\"light\",\"title_breakpoint\":\"xl\",\"title_position\":\"top-left\",\"title_rotation\":\"left\",\"vertical_align\":\"bottom\",\"width\":\"default\"},\"children\":[{\"type\":\"row\",\"children\":[{\"type\":\"column\",\"props\":{\"image_position\":\"center-center\",\"position_sticky_breakpoint\":\"m\"},\"children\":[{\"type\":\"panel\",\"props\":{\"content\":\"\",\"content_column_breakpoint\":\"m\",\"content_margin\":\"small\",\"content_style\":\"text-lead\",\"icon_width\":80,\"image_align\":\"top\",\"image_grid_breakpoint\":\"m\",\"image_grid_width\":\"1-2\",\"image_svg_color\":\"emphasis\",\"link_style\":\"default\",\"link_text\":\"Read more\",\"margin\":\"default\",\"meta\":\"Celebra tus\",\"meta_align\":\"above-title\",\"meta_element\":\"div\",\"meta_style\":\"h2\",\"title\":\"Eventos en Playa Caracol\",\"title_align\":\"top\",\"title_decoration\":\"line\",\"title_element\":\"h1\",\"title_grid_breakpoint\":\"m\",\"title_grid_width\":\"1-2\",\"title_hover_style\":\"reset\",\"title_margin\":\"remove\",\"title_style\":\"heading-small\"},\"name\":\"Big header\"}]}]}]},{\"type\":\"section\",\"props\":{\"image\":\"wp-content\\\/uploads\\\/2025\\\/03\\\/Wavy-Liquid.svg\",\"image_position\":\"center-center\",\"image_size\":\"cover\",\"media_background\":\"rgb(255, 246, 230)\",\"media_blend_mode\":\"overlay\",\"media_overlay\":\"rgba(255, 246, 230, 0.58)\",\"media_overlay_gradient\":\"linear-gradient(180deg,rgba(255,246,230,1) 0%, rgba(255,246,230,0) 20%)\",\"overlap\":true,\"style\":\"muted\",\"title_breakpoint\":\"xl\",\"title_position\":\"top-left\",\"title_rotation\":\"left\",\"vertical_align\":\"middle\",\"width\":\"default\"},\"children\":[{\"type\":\"row\",\"children\":[{\"type\":\"column\",\"props\":{\"image_position\":\"center-center\",\"position_sticky_breakpoint\":\"m\"},\"children\":[{\"type\":\"panel\",\"props\":{\"content\":\"\n\n<div>\\n\n\n<p>Playa Caracol es el lugar perfecto para celebrar <strong>cumplea\\u00f1os<\\\/strong>,<strong> fiestas navide\\u00f1as<\\\/strong>, <strong>eventos corporativos<\\\/strong>, <strong>bodas<\\\/strong> y <strong>mucho m\\u00e1s.<\\\/strong> Con dos elegantes salones de eventos ubicados justo frente a la playa, ofrecemos un entorno \\u00fanico y espectacular para cualquier ocasi\\u00f3n especial. Ya sea que est\\u00e9s planeando una celebraci\\u00f3n \\u00edntima o un evento a gran escala, nuestros espacios, combinados con la impresionante vista al mar, crean el ambiente ideal para momentos inolvidables. <strong>\\u00a1Haz de tu evento un recuerdo \\u00fanico en Playa Caracol!<\\\/strong><\\\/p>\\n<\\\/div>\",\"content_column_breakpoint\":\"m\",\"icon_width\":80,\"image\":\"wp-content\\\/uploads\\\/pexels-photo-1371801-scaled.webp\",\"image_align\":\"right\",\"image_border\":\"rounded\",\"image_grid_breakpoint\":\"m\",\"image_grid_width\":\"1-2\",\"image_svg_color\":\"emphasis\",\"image_vertical_align\":true,\"link\":\"https:\\\/\\\/wa.me\\\/50768184979\",\"link_style\":\"default\",\"link_text\":\"Contacta con nosotros para m\\u00e1s informaci\\u00f3n\",\"margin\":\"default\",\"meta\":\"Conoce nuestro\",\"meta_align\":\"above-title\",\"meta_element\":\"div\",\"meta_margin\":\"remove\",\"meta_style\":\"h2\",\"title\":\"Cat\\u00e1logo de eventos\",\"title_align\":\"top\",\"title_element\":\"h2\",\"title_grid_breakpoint\":\"m\",\"title_grid_width\":\"1-2\",\"title_hover_style\":\"reset\",\"title_margin\":\"remove\",\"title_style\":\"heading-small\"}}]}]},{\"type\":\"row\",\"children\":[{\"type\":\"column\",\"props\":{\"image_position\":\"center-center\",\"position_sticky_breakpoint\":\"m\"},\"children\":[{\"type\":\"headline\",\"props\":{\"content\":\"Planes\",\"title_decoration\":\"line\",\"title_element\":\"h2\"}},{\"type\":\"grid\",\"props\":{\"content_column_breakpoint\":\"m\",\"filter_align\":\"left\",\"filter_all\":true,\"filter_grid_breakpoint\":\"m\",\"filter_grid_width\":\"auto\",\"filter_position\":\"top\",\"filter_style\":\"tab\",\"grid_default\":\"2\",\"grid_medium\":\"4\",\"icon_width\":80,\"image_align\":\"top\",\"image_border\":\"rounded\",\"image_grid_breakpoint\":\"m\",\"image_grid_width\":\"1-2\",\"image_height\":350,\"image_svg_color\":\"emphasis\",\"image_width\":500,\"item_animation\":true,\"lightbox_bg_close\":true,\"link_style\":\"default\",\"link_target\":true,\"link_text\":\"\",\"margin\":\"default\",\"meta_align\":\"below-title\",\"meta_element\":\"div\",\"meta_style\":\"text-meta\",\"panel_link\":true,\"show_content\":true,\"show_hover_image\":true,\"show_hover_video\":true,\"show_image\":true,\"show_link\":true,\"show_meta\":true,\"show_title\":true,\"show_video\":true,\"title_align\":\"top\",\"title_element\":\"h3\",\"title_grid_breakpoint\":\"m\",\"title_grid_width\":\"1-2\",\"title_hover_style\":\"reset\"},\"children\":[{\"type\":\"grid_item\",\"props\":{\"image\":\"wp-content\\\/uploads\\\/2025\\\/03\\\/eventos-navidad.webp\",\"link\":\"wp-content\\\/uploads\\\/2025\\\/03\\\/Planes-navidad-7.pdf\",\"title\":\"Navidad\"}},{\"type\":\"grid_item\",\"props\":{\"image\":\"wp-content\\\/uploads\\\/2025\\\/03\\\/eventos-corp.webp\",\"link\":\"wp-content\\\/uploads\\\/2025\\\/03\\\/Planes-corporativos-nuevo-2.pdf\",\"title\":\"corporativos\"}},{\"type\":\"grid_item\",\"props\":{\"image\":\"wp-content\\\/uploads\\\/2025\\\/03\\\/eventos-bodas.webp\",\"link\":\"wp-content\\\/uploads\\\/2025\\\/03\\\/bodas-NUEVO-2.pdf\",\"title\":\"Bodas\"}},{\"type\":\"grid_item\",\"props\":{\"image\":\"wp-content\\\/uploads\\\/2025\\\/03\\\/eventos-sociales.webp\",\"link\":\"wp-content\\\/uploads\\\/2025\\\/03\\\/Planes-sociales-nuevo-3.pdf\",\"title\":\"Sociales\"}}]}]}]}]},{\"type\":\"section\",\"props\":{\"image_position\":\"center-center\",\"style\":\"secondary\",\"title_breakpoint\":\"xl\",\"title_position\":\"top-left\",\"title_rotation\":\"left\",\"vertical_align\":\"middle\",\"width\":\"default\"},\"children\":[{\"type\":\"row\",\"children\":[{\"type\":\"column\",\"props\":{\"image_position\":\"center-center\",\"position_sticky_breakpoint\":\"m\"},\"children\":[{\"type\":\"panel\",\"props\":{\"content_column_breakpoint\":\"m\",\"icon_width\":80,\"image_align\":\"top\",\"image_grid_breakpoint\":\"m\",\"image_grid_width\":\"1-2\",\"image_svg_color\":\"emphasis\",\"link_style\":\"default\",\"link_text\":\"Read more\",\"margin\":\"default\",\"meta_align\":\"below-title\",\"meta_element\":\"div\",\"meta_style\":\"text-meta\",\"title\":\"Gallery\",\"title_align\":\"top\",\"title_decoration\":\"line\",\"title_element\":\"h3\",\"title_grid_breakpoint\":\"m\",\"title_grid_width\":\"1-2\",\"title_hover_style\":\"reset\"}},{\"type\":\"gallery\",\"props\":{\"filter_align\":\"left\",\"filter_all\":true,\"filter_grid_breakpoint\":\"m\",\"filter_grid_width\":\"auto\",\"filter_position\":\"top\",\"filter_style\":\"tab\",\"grid_column_align\":true,\"grid_default\":\"2\",\"grid_medium\":\"5\",\"grid_small\":\"3\",\"image_border\":\"rounded\",\"image_height\":350,\"image_width\":500,\"item_animation\":true,\"lightbox\":true,\"lightbox_bg_close\":true,\"link_style\":\"default\",\"link_text\":\"\",\"margin\":\"default\",\"meta_align\":\"below-title\",\"meta_element\":\"div\",\"meta_style\":\"text-meta\",\"overlay_hover\":false,\"overlay_link\":true,\"overlay_mode\":\"cover\",\"overlay_position\":\"center\",\"overlay_style\":\"\",\"overlay_transition\":\"fade\",\"show_content\":false,\"show_hover_image\":false,\"show_hover_video\":false,\"show_link\":true,\"show_meta\":false,\"show_title\":false,\"text_align\":\"center\",\"text_color\":\"light\",\"title_element\":\"h3\",\"title_hover_style\":\"reset\"},\"children\":[{\"type\":\"gallery_item\",\"props\":{\"image\":\"wp-content\\\/uploads\\\/2025\\\/03\\\/ballroom3.webp\",\"title\":\"ballroom3\"}},{\"type\":\"gallery_item\",\"props\":{\"image\":\"wp-content\\\/uploads\\\/2025\\\/03\\\/ballroom2.webp\",\"title\":\"ballroom2\"}},{\"type\":\"gallery_item\",\"props\":{\"image\":\"wp-content\\\/uploads\\\/2025\\\/03\\\/ballroom1.webp\",\"title\":\"ballroom1\"}},{\"type\":\"gallery_item\",\"props\":{\"image\":\"wp-content\\\/uploads\\\/2025\\\/03\\\/radisson-riviera-panama-1029-scaled.webp\",\"title\":\"radisson-riviera-panama-1029\"}},{\"type\":\"gallery_item\",\"props\":{\"image\":\"wp-content\\\/uploads\\\/2025\\\/03\\\/radisson-riviera-panama-1028-scaled.webp\",\"title\":\"radisson-riviera-panama-1028\"}},{\"type\":\"gallery_item\",\"props\":{\"image\":\"wp-content\\\/uploads\\\/2025\\\/03\\\/radisson-riviera-panama-1027-scaled.webp\",\"title\":\"radisson-riviera-panama-1027\"}},{\"type\":\"gallery_item\",\"props\":{\"image\":\"wp-content\\\/uploads\\\/2025\\\/03\\\/radisson-boda-enero18-1010-scaled.webp\",\"title\":\"radisson-boda-enero18-1010\"}},{\"type\":\"gallery_item\",\"props\":{\"image\":\"wp-content\\\/uploads\\\/2025\\\/03\\\/radisson-boda-enero18-1004-scaled.webp\",\"title\":\"radisson-boda-enero18-1004\"}},{\"type\":\"gallery_item\",\"props\":{\"image\":\"wp-content\\\/uploads\\\/2025\\\/03\\\/radisson-boda-enero18-1003-scaled.webp\",\"title\":\"radisson-boda-enero18-1003\"}}]}]}]}]}],\"version\":\"4.5.25\",\"yooessentialsVersion\":\"2.4.7\"} --><\/p>\n","protected":false},"excerpt":{"rendered":"<p>Eventos en Playa Caracol Celebra tus Cat\u00e1logo de eventos Conoce nuestro Playa Caracol es el lugar perfecto para celebrar cumplea\u00f1os, fiestas navide\u00f1as, eventos corporativos, bodas y mucho m\u00e1s. Con dos elegantes salones de eventos ubicados justo frente a la playa, ofrecemos un entorno \u00fanico y espectacular para cualquier ocasi\u00f3n especial. Ya sea que est\u00e9s planeando [&hellip;]<\/p>\n","protected":false},"author":1,"featured_media":1355,"parent":0,"menu_order":0,"comment_status":"closed","ping_status":"closed","template":"","meta":{"_acf_changed":false,"footnotes":""},"class_list":["post-1935","page","type-page","status-publish","has-post-thumbnail","hentry"],"acf":[],"yoast_head":"<!-- This site is optimized with the Yoast SEO plugin v27.4 - https:\/\/yoast.com\/product\/yoast-seo-wordpress\/ -->\n<title>Tus eventos en Playa Caracol - Playa Caracol Life Style<\/title>\n<meta name=\"description\" content=\"Eventos en Playa Caracol Celebra tus Cat\u00e1logo de eventos Conoce nuestro Playa Caracol es el lugar perfecto para celebrar cumplea\u00f1os, fiestas navide\u00f1as,\" \/>\n<meta name=\"robots\" content=\"index, follow, max-snippet:-1, max-image-preview:large, max-video-preview:-1\" \/>\n<link rel=\"canonical\" href=\"https:\/\/caracollifestyle.com\/es\/tus-eventos-en-playa-caracol\/\" \/>\n<meta property=\"og:locale\" content=\"es_ES\" \/>\n<meta property=\"og:type\" content=\"article\" \/>\n<meta property=\"og:title\" content=\"Tus eventos en Playa Caracol - Playa Caracol Life Style\" \/>\n<meta property=\"og:description\" content=\"Eventos en Playa Caracol Celebra tus Cat\u00e1logo de eventos Conoce nuestro Playa Caracol es el lugar perfecto para celebrar cumplea\u00f1os, fiestas navide\u00f1as,\" \/>\n<meta property=\"og:url\" content=\"https:\/\/caracollifestyle.com\/es\/tus-eventos-en-playa-caracol\/\" \/>\n<meta property=\"og:site_name\" content=\"Playa Caracol Life Style\" \/>\n<meta property=\"article:modified_time\" content=\"2025-10-09T13:14:38+00:00\" \/>\n<meta property=\"og:image\" content=\"https:\/\/caracollifestyle.com\/wp-content\/uploads\/2025\/03\/radisson-boda-enero18-1021-scaled.webp\" \/>\n\t<meta property=\"og:image:width\" content=\"1708\" \/>\n\t<meta property=\"og:image:height\" content=\"2560\" \/>\n\t<meta property=\"og:image:type\" content=\"image\/webp\" \/>\n<meta name=\"twitter:card\" content=\"summary_large_image\" \/>\n<meta name=\"twitter:label1\" content=\"Tiempo de lectura\" \/>\n\t<meta name=\"twitter:data1\" content=\"4 minutos\" \/>\n<script type=\"application\/ld+json\" class=\"yoast-schema-graph\">{\"@context\":\"https:\\\/\\\/schema.org\",\"@graph\":[{\"@type\":\"WebPage\",\"@id\":\"https:\\\/\\\/caracollifestyle.com\\\/es\\\/tus-eventos-en-playa-caracol\\\/\",\"url\":\"https:\\\/\\\/caracollifestyle.com\\\/es\\\/tus-eventos-en-playa-caracol\\\/\",\"name\":\"Tus eventos en Playa Caracol - Playa Caracol Life Style\",\"isPartOf\":{\"@id\":\"https:\\\/\\\/caracollifestyle.com\\\/es\\\/#website\"},\"primaryImageOfPage\":{\"@id\":\"https:\\\/\\\/caracollifestyle.com\\\/es\\\/tus-eventos-en-playa-caracol\\\/#primaryimage\"},\"image\":{\"@id\":\"https:\\\/\\\/caracollifestyle.com\\\/es\\\/tus-eventos-en-playa-caracol\\\/#primaryimage\"},\"thumbnailUrl\":\"https:\\\/\\\/caracollifestyle.com\\\/wp-content\\\/uploads\\\/2025\\\/03\\\/radisson-boda-enero18-1021-scaled.webp\",\"datePublished\":\"2025-03-26T19:58:02+00:00\",\"dateModified\":\"2025-10-09T13:14:38+00:00\",\"description\":\"Eventos en Playa Caracol Celebra tus Cat\u00e1logo de eventos Conoce nuestro Playa Caracol es el lugar perfecto para celebrar cumplea\u00f1os, fiestas navide\u00f1as,\",\"breadcrumb\":{\"@id\":\"https:\\\/\\\/caracollifestyle.com\\\/es\\\/tus-eventos-en-playa-caracol\\\/#breadcrumb\"},\"inLanguage\":\"es\",\"potentialAction\":[{\"@type\":\"ReadAction\",\"target\":[\"https:\\\/\\\/caracollifestyle.com\\\/es\\\/tus-eventos-en-playa-caracol\\\/\"]}]},{\"@type\":\"ImageObject\",\"inLanguage\":\"es\",\"@id\":\"https:\\\/\\\/caracollifestyle.com\\\/es\\\/tus-eventos-en-playa-caracol\\\/#primaryimage\",\"url\":\"https:\\\/\\\/caracollifestyle.com\\\/wp-content\\\/uploads\\\/2025\\\/03\\\/radisson-boda-enero18-1021-scaled.webp\",\"contentUrl\":\"https:\\\/\\\/caracollifestyle.com\\\/wp-content\\\/uploads\\\/2025\\\/03\\\/radisson-boda-enero18-1021-scaled.webp\",\"width\":1708,\"height\":2560},{\"@type\":\"BreadcrumbList\",\"@id\":\"https:\\\/\\\/caracollifestyle.com\\\/es\\\/tus-eventos-en-playa-caracol\\\/#breadcrumb\",\"itemListElement\":[{\"@type\":\"ListItem\",\"position\":1,\"name\":\"Home\",\"item\":\"https:\\\/\\\/caracollifestyle.com\\\/es\\\/\"},{\"@type\":\"ListItem\",\"position\":2,\"name\":\"Tus eventos en Playa Caracol\"}]},{\"@type\":\"WebSite\",\"@id\":\"https:\\\/\\\/caracollifestyle.com\\\/es\\\/#website\",\"url\":\"https:\\\/\\\/caracollifestyle.com\\\/es\\\/\",\"name\":\"Playa Caracol Life Style\",\"description\":\"\",\"publisher\":{\"@id\":\"https:\\\/\\\/caracollifestyle.com\\\/es\\\/#organization\"},\"potentialAction\":[{\"@type\":\"SearchAction\",\"target\":{\"@type\":\"EntryPoint\",\"urlTemplate\":\"https:\\\/\\\/caracollifestyle.com\\\/es\\\/?s={search_term_string}\"},\"query-input\":{\"@type\":\"PropertyValueSpecification\",\"valueRequired\":true,\"valueName\":\"search_term_string\"}}],\"inLanguage\":\"es\"},{\"@type\":\"Organization\",\"@id\":\"https:\\\/\\\/caracollifestyle.com\\\/es\\\/#organization\",\"name\":\"Playa Caracol Life Style\",\"url\":\"https:\\\/\\\/caracollifestyle.com\\\/es\\\/\",\"logo\":{\"@type\":\"ImageObject\",\"inLanguage\":\"es\",\"@id\":\"https:\\\/\\\/caracollifestyle.com\\\/es\\\/#\\\/schema\\\/logo\\\/image\\\/\",\"url\":\"https:\\\/\\\/caracollifestyle.com\\\/wp-content\\\/uploads\\\/2025\\\/02\\\/playa-caracol-rentals-01.png\",\"contentUrl\":\"https:\\\/\\\/caracollifestyle.com\\\/wp-content\\\/uploads\\\/2025\\\/02\\\/playa-caracol-rentals-01.png\",\"width\":1708,\"height\":581,\"caption\":\"Playa Caracol Life Style\"},\"image\":{\"@id\":\"https:\\\/\\\/caracollifestyle.com\\\/es\\\/#\\\/schema\\\/logo\\\/image\\\/\"}}]}<\/script>\n<!-- \/ Yoast SEO plugin. -->","yoast_head_json":{"title":"Tus eventos en Playa Caracol - Playa Caracol Life Style","description":"Eventos en Playa Caracol Celebra tus Cat\u00e1logo de eventos Conoce nuestro Playa Caracol es el lugar perfecto para celebrar cumplea\u00f1os, fiestas navide\u00f1as,","robots":{"index":"index","follow":"follow","max-snippet":"max-snippet:-1","max-image-preview":"max-image-preview:large","max-video-preview":"max-video-preview:-1"},"canonical":"https:\/\/caracollifestyle.com\/es\/tus-eventos-en-playa-caracol\/","og_locale":"es_ES","og_type":"article","og_title":"Tus eventos en Playa Caracol - Playa Caracol Life Style","og_description":"Eventos en Playa Caracol Celebra tus Cat\u00e1logo de eventos Conoce nuestro Playa Caracol es el lugar perfecto para celebrar cumplea\u00f1os, fiestas navide\u00f1as,","og_url":"https:\/\/caracollifestyle.com\/es\/tus-eventos-en-playa-caracol\/","og_site_name":"Playa Caracol Life Style","article_modified_time":"2025-10-09T13:14:38+00:00","og_image":[{"width":1708,"height":2560,"url":"https:\/\/caracollifestyle.com\/wp-content\/uploads\/2025\/03\/radisson-boda-enero18-1021-scaled.webp","type":"image\/webp"}],"twitter_card":"summary_large_image","twitter_misc":{"Tiempo de lectura":"4 minutos"},"schema":{"@context":"https:\/\/schema.org","@graph":[{"@type":"WebPage","@id":"https:\/\/caracollifestyle.com\/es\/tus-eventos-en-playa-caracol\/","url":"https:\/\/caracollifestyle.com\/es\/tus-eventos-en-playa-caracol\/","name":"Tus eventos en Playa Caracol - Playa Caracol Life Style","isPartOf":{"@id":"https:\/\/caracollifestyle.com\/es\/#website"},"primaryImageOfPage":{"@id":"https:\/\/caracollifestyle.com\/es\/tus-eventos-en-playa-caracol\/#primaryimage"},"image":{"@id":"https:\/\/caracollifestyle.com\/es\/tus-eventos-en-playa-caracol\/#primaryimage"},"thumbnailUrl":"https:\/\/caracollifestyle.com\/wp-content\/uploads\/2025\/03\/radisson-boda-enero18-1021-scaled.webp","datePublished":"2025-03-26T19:58:02+00:00","dateModified":"2025-10-09T13:14:38+00:00","description":"Eventos en Playa Caracol Celebra tus Cat\u00e1logo de eventos Conoce nuestro Playa Caracol es el lugar perfecto para celebrar cumplea\u00f1os, fiestas navide\u00f1as,","breadcrumb":{"@id":"https:\/\/caracollifestyle.com\/es\/tus-eventos-en-playa-caracol\/#breadcrumb"},"inLanguage":"es","potentialAction":[{"@type":"ReadAction","target":["https:\/\/caracollifestyle.com\/es\/tus-eventos-en-playa-caracol\/"]}]},{"@type":"ImageObject","inLanguage":"es","@id":"https:\/\/caracollifestyle.com\/es\/tus-eventos-en-playa-caracol\/#primaryimage","url":"https:\/\/caracollifestyle.com\/wp-content\/uploads\/2025\/03\/radisson-boda-enero18-1021-scaled.webp","contentUrl":"https:\/\/caracollifestyle.com\/wp-content\/uploads\/2025\/03\/radisson-boda-enero18-1021-scaled.webp","width":1708,"height":2560},{"@type":"BreadcrumbList","@id":"https:\/\/caracollifestyle.com\/es\/tus-eventos-en-playa-caracol\/#breadcrumb","itemListElement":[{"@type":"ListItem","position":1,"name":"Home","item":"https:\/\/caracollifestyle.com\/es\/"},{"@type":"ListItem","position":2,"name":"Tus eventos en Playa Caracol"}]},{"@type":"WebSite","@id":"https:\/\/caracollifestyle.com\/es\/#website","url":"https:\/\/caracollifestyle.com\/es\/","name":"Playa Caracol Life Style","description":"","publisher":{"@id":"https:\/\/caracollifestyle.com\/es\/#organization"},"potentialAction":[{"@type":"SearchAction","target":{"@type":"EntryPoint","urlTemplate":"https:\/\/caracollifestyle.com\/es\/?s={search_term_string}"},"query-input":{"@type":"PropertyValueSpecification","valueRequired":true,"valueName":"search_term_string"}}],"inLanguage":"es"},{"@type":"Organization","@id":"https:\/\/caracollifestyle.com\/es\/#organization","name":"Playa Caracol Life Style","url":"https:\/\/caracollifestyle.com\/es\/","logo":{"@type":"ImageObject","inLanguage":"es","@id":"https:\/\/caracollifestyle.com\/es\/#\/schema\/logo\/image\/","url":"https:\/\/caracollifestyle.com\/wp-content\/uploads\/2025\/02\/playa-caracol-rentals-01.png","contentUrl":"https:\/\/caracollifestyle.com\/wp-content\/uploads\/2025\/02\/playa-caracol-rentals-01.png","width":1708,"height":581,"caption":"Playa Caracol Life Style"},"image":{"@id":"https:\/\/caracollifestyle.com\/es\/#\/schema\/logo\/image\/"}}]}},"publishpress_future_action":{"enabled":false,"date":"2026-04-22 22:03:55","action":"change-status","newStatus":"draft","terms":[],"taxonomy":"translation_priority","extraData":[]},"publishpress_future_workflow_manual_trigger":{"enabledWorkflows":[]},"_links":{"self":[{"href":"https:\/\/caracollifestyle.com\/es\/wp-json\/wp\/v2\/pages\/1935","targetHints":{"allow":["GET"]}}],"collection":[{"href":"https:\/\/caracollifestyle.com\/es\/wp-json\/wp\/v2\/pages"}],"about":[{"href":"https:\/\/caracollifestyle.com\/es\/wp-json\/wp\/v2\/types\/page"}],"author":[{"embeddable":true,"href":"https:\/\/caracollifestyle.com\/es\/wp-json\/wp\/v2\/users\/1"}],"replies":[{"embeddable":true,"href":"https:\/\/caracollifestyle.com\/es\/wp-json\/wp\/v2\/comments?post=1935"}],"version-history":[{"count":10,"href":"https:\/\/caracollifestyle.com\/es\/wp-json\/wp\/v2\/pages\/1935\/revisions"}],"predecessor-version":[{"id":2581,"href":"https:\/\/caracollifestyle.com\/es\/wp-json\/wp\/v2\/pages\/1935\/revisions\/2581"}],"wp:featuredmedia":[{"embeddable":true,"href":"https:\/\/caracollifestyle.com\/es\/wp-json\/wp\/v2\/media\/1355"}],"wp:attachment":[{"href":"https:\/\/caracollifestyle.com\/es\/wp-json\/wp\/v2\/media?parent=1935"}],"curies":[{"name":"wp","href":"https:\/\/api.w.org\/{rel}","templated":true}]}}